{"id":688,"date":"2025-08-10T18:05:22","date_gmt":"2025-08-10T16:05:22","guid":{"rendered":"https:\/\/adpf.dansemeaux.com\/?page_id=688"},"modified":"2025-08-10T18:05:22","modified_gmt":"2025-08-10T16:05:22","slug":"street-jazz","status":"publish","type":"page","link":"https:\/\/adpf.dansemeaux.com\/index.php\/street-jazz\/","title":{"rendered":"Street jazz"},"content":{"rendered":"\n<p class=\"has-vivid-purple-background-color has-background has-medium-font-size\"><strong><mark style=\"background-color:#9b51e0\" class=\"has-inline-color has-white-color\">Qu\u2019est ce que le street jazz ?\u00a0<\/mark><\/strong><\/p>\n\n\n\n<p><em>Le street Jazz est \u00e0 mi-chemin entre le modern\u2019jazz et les danses urbaines. N\u00e9 aux \u00c9tats-Unis dans les ann\u00e9es 90, le street jazz se danse principalement sur des musiques hip-hop, pop et commerciales<\/em><\/p>\n\n\n\n<p><em>On y travail l\u2019ancrage dans le sol, l\u2019attitude et la musicalit\u00e9 tout en se familiarisant avec vocabulaire qui lui est propre.<\/em><\/p>\n\n\n\n<p class=\"has-white-color has-vivid-purple-background-color has-text-color has-background has-link-color has-medium-font-size wp-elements-c6fae343356cf5f7edacdcc93bd18d14\">A qui s\u2019adresse le street jazz ?&nbsp;<\/p>\n\n\n\n<p>A partir de 9 ans, filles et gar\u00e7ons, enfants, ados et adultes sont les bienvenus !<\/p>\n\n\n\n<p class=\"has-white-color has-vivid-purple-background-color has-text-color has-background has-link-color has-medium-font-size wp-elements-683f445a8c48d758de16cd2151fcb1ad\">Quand sont les cours ?&nbsp;<\/p>\n\n\n\n<p><strong>\u2022 Mercredi<\/strong> : 2 cours selon planning<\/p>\n\n\n\n<p><\/p>\n","protected":false},"excerpt":{"rendered":"<p>Qu\u2019est ce que le street jazz ?\u00a0 Le street Jazz est \u00e0 mi-chemin entre le modern\u2019jazz et les danses urbaines. N\u00e9 aux \u00c9tats-Unis dans les ann\u00e9es 90, le street jazz se danse principalement sur des musiques hip-hop, pop et commerciales On y travail l\u2019ancrage dans le sol, l\u2019attitude et la musicalit\u00e9 tout en se familiarisant [&hellip;]<\/p>\n","protected":false},"author":5976,"featured_media":0,"parent":0,"menu_order":0,"comment_status":"closed","ping_status":"closed","template":"","meta":{"_seopress_robots_primary_cat":"","_seopress_titles_title":"","_seopress_titles_desc":"","_seopress_robots_index":"","footnotes":""},"class_list":["post-688","page","type-page","status-publish","hentry"],"_links":{"self":[{"href":"https:\/\/adpf.dansemeaux.com\/index.php\/wp-json\/wp\/v2\/pages\/688","targetHints":{"allow":["GET"]}}],"collection":[{"href":"https:\/\/adpf.dansemeaux.com\/index.php\/wp-json\/wp\/v2\/pages"}],"about":[{"href":"https:\/\/adpf.dansemeaux.com\/index.php\/wp-json\/wp\/v2\/types\/page"}],"author":[{"embeddable":true,"href":"https:\/\/adpf.dansemeaux.com\/index.php\/wp-json\/wp\/v2\/users\/5976"}],"replies":[{"embeddable":true,"href":"https:\/\/adpf.dansemeaux.com\/index.php\/wp-json\/wp\/v2\/comments?post=688"}],"version-history":[{"count":1,"href":"https:\/\/adpf.dansemeaux.com\/index.php\/wp-json\/wp\/v2\/pages\/688\/revisions"}],"predecessor-version":[{"id":690,"href":"https:\/\/adpf.dansemeaux.com\/index.php\/wp-json\/wp\/v2\/pages\/688\/revisions\/690"}],"wp:attachment":[{"href":"https:\/\/adpf.dansemeaux.com\/index.php\/wp-json\/wp\/v2\/media?parent=688"}],"curies":[{"name":"wp","href":"https:\/\/api.w.org\/{rel}","templated":true}]}}