{"id":683,"date":"2025-08-09T16:55:38","date_gmt":"2025-08-09T14:55:38","guid":{"rendered":"https:\/\/adpf.dansemeaux.com\/?page_id=683"},"modified":"2025-08-09T16:55:38","modified_gmt":"2025-08-09T14:55:38","slug":"claire-destrieux","status":"publish","type":"page","link":"https:\/\/adpf.dansemeaux.com\/index.php\/claire-destrieux\/","title":{"rendered":"Claire DESTRIEUX"},"content":{"rendered":"\n<p>Professeur de street jazz dipl\u00f4m\u00e9e d&rsquo;\u00e9tat<\/p>\n\n\n<div class=\"wp-block-image is-style-rounded\">\n<figure class=\"alignleft size-large is-resized\"><img alt=\"\" loading=\"lazy\" decoding=\"async\" width=\"683\" height=\"1024\" src=\"http:\/\/adpf.dansemeaux.com\/wp-content\/uploads\/2025\/06\/IMG_8003-683x1024.jpg\" alt=\"\" class=\"wp-image-501\" style=\"width:205px;height:auto\" srcset=\"https:\/\/adpf.dansemeaux.com\/wp-content\/uploads\/2025\/06\/IMG_8003-683x1024.jpg 683w, https:\/\/adpf.dansemeaux.com\/wp-content\/uploads\/2025\/06\/IMG_8003-200x300.jpg 200w, https:\/\/adpf.dansemeaux.com\/wp-content\/uploads\/2025\/06\/IMG_8003-768x1152.jpg 768w, https:\/\/adpf.dansemeaux.com\/wp-content\/uploads\/2025\/06\/IMG_8003-1024x1536.jpg 1024w, https:\/\/adpf.dansemeaux.com\/wp-content\/uploads\/2025\/06\/IMG_8003-1365x2048.jpg 1365w, https:\/\/adpf.dansemeaux.com\/wp-content\/uploads\/2025\/06\/IMG_8003-scaled.jpg 1707w\" sizes=\"auto, (max-width: 683px) 100vw, 683px\" \/><\/figure>\n<\/div>\n\n\n<p>Professeure de danse dipl\u00f4m\u00e9e d&rsquo;\u00c9tat depuis 2020, Claire Destrieux transmet sa passion avec exigence, bienveillance et \u00e9nergie. Elle se forme en continu afin de proposer un enseignement riche et actuel, nourri de multiples influences.<\/p>\n\n\n\n<p>Claire commence sa formation professionnelle en 2017 \u00e0 Choreia (Paris), elle suit en parall\u00e8lle les cours de Sabrina Lonis o\u00f9 elle d\u00e9couvre le street jazz. Elle continuera de se former dans ce style aupr\u00e8s de diff\u00e9rent.e.s professeur.e.s.<\/p>\n\n\n\n<p>Aujourd\u2019hui, son enseignement s\u2019adresse aussi bien aux d\u00e9butant.e.s qu\u2019aux danseur.euse.s confirm\u00e9.e.s, en adaptant sa p\u00e9dagogie aux objectifs et aux capacit\u00e9s de chacun.e. Son but : faire progresser ses \u00e9l\u00e8ves tout en leur transmettant le plaisir de danser.<\/p>\n\n\n\n<p>Elle int\u00e8gre l&rsquo;Acad\u00e9mie de Danse &#8211; Passion et Formation en septembre 2025.<\/p>\n","protected":false},"excerpt":{"rendered":"<p>Professeur de street jazz dipl\u00f4m\u00e9e d&rsquo;\u00e9tat Professeure de danse dipl\u00f4m\u00e9e d&rsquo;\u00c9tat depuis 2020, Claire Destrieux transmet sa passion avec exigence, bienveillance et \u00e9nergie. Elle se forme en continu afin de proposer un enseignement riche et actuel, nourri de multiples influences. Claire commence sa formation professionnelle en 2017 \u00e0 Choreia (Paris), elle suit en parall\u00e8lle les [&hellip;]<\/p>\n","protected":false},"author":5976,"featured_media":0,"parent":0,"menu_order":0,"comment_status":"closed","ping_status":"closed","template":"","meta":{"_seopress_robots_primary_cat":"","_seopress_titles_title":"","_seopress_titles_desc":"","_seopress_robots_index":"","footnotes":""},"class_list":["post-683","page","type-page","status-publish","hentry"],"_links":{"self":[{"href":"https:\/\/adpf.dansemeaux.com\/index.php\/wp-json\/wp\/v2\/pages\/683","targetHints":{"allow":["GET"]}}],"collection":[{"href":"https:\/\/adpf.dansemeaux.com\/index.php\/wp-json\/wp\/v2\/pages"}],"about":[{"href":"https:\/\/adpf.dansemeaux.com\/index.php\/wp-json\/wp\/v2\/types\/page"}],"author":[{"embeddable":true,"href":"https:\/\/adpf.dansemeaux.com\/index.php\/wp-json\/wp\/v2\/users\/5976"}],"replies":[{"embeddable":true,"href":"https:\/\/adpf.dansemeaux.com\/index.php\/wp-json\/wp\/v2\/comments?post=683"}],"version-history":[{"count":1,"href":"https:\/\/adpf.dansemeaux.com\/index.php\/wp-json\/wp\/v2\/pages\/683\/revisions"}],"predecessor-version":[{"id":685,"href":"https:\/\/adpf.dansemeaux.com\/index.php\/wp-json\/wp\/v2\/pages\/683\/revisions\/685"}],"wp:attachment":[{"href":"https:\/\/adpf.dansemeaux.com\/index.php\/wp-json\/wp\/v2\/media?parent=683"}],"curies":[{"name":"wp","href":"https:\/\/api.w.org\/{rel}","templated":true}]}}