{"id":680,"date":"2025-08-09T16:53:30","date_gmt":"2025-08-09T14:53:30","guid":{"rendered":"https:\/\/adpf.dansemeaux.com\/?page_id=680"},"modified":"2025-08-09T16:53:30","modified_gmt":"2025-08-09T14:53:30","slug":"ludovic-bernardo","status":"publish","type":"page","link":"https:\/\/adpf.dansemeaux.com\/index.php\/ludovic-bernardo\/","title":{"rendered":"Ludovic BERNARDO"},"content":{"rendered":"\n<p>Professeur de contemporain dipl\u00f4m\u00e9 d&rsquo;\u00e9tat<\/p>\n\n\n<div class=\"wp-block-image is-style-rounded\">\n<figure class=\"alignleft size-large is-resized\"><img loading=\"lazy\" decoding=\"async\" width=\"512\" height=\"1024\" src=\"http:\/\/adpf.dansemeaux.com\/wp-content\/uploads\/2025\/06\/IMG-20241204-WA0002-512x1024.jpg\" alt=\"\" class=\"wp-image-513\" style=\"width:217px;height:auto\" srcset=\"https:\/\/adpf.dansemeaux.com\/wp-content\/uploads\/2025\/06\/IMG-20241204-WA0002-512x1024.jpg 512w, https:\/\/adpf.dansemeaux.com\/wp-content\/uploads\/2025\/06\/IMG-20241204-WA0002-150x300.jpg 150w, https:\/\/adpf.dansemeaux.com\/wp-content\/uploads\/2025\/06\/IMG-20241204-WA0002-768x1536.jpg 768w, https:\/\/adpf.dansemeaux.com\/wp-content\/uploads\/2025\/06\/IMG-20241204-WA0002.jpg 1024w\" sizes=\"auto, (max-width: 512px) 100vw, 512px\" \/><\/figure>\n<\/div>\n\n\n<p>Ludovic d\u00e9bute la danse contemporaine \u00e0 l\u2019\u00e2ge de 7 ans. Il fait sa formation en CRR pendant dix ans et obtient un DEC en 2013. Il a eu l\u2019opportunit\u00e9 d\u2019y danser du r\u00e9pertoire de courants fran\u00e7ais, am\u00e9ricain et belge ce qui lui a permis d\u2019apprivoiser la sc\u00e8ne avant de se professionaliser.<br>Il a ensuite dans\u00e9 dans plusieurs compagnies (en Bourgogne, \u00e0 Lyon et en r\u00e9gion parisienne) et pass\u00e9 son Dipl\u00f4me d\u2019Etat \u00e0 l\u2019\u00e9cole de formation Choreia en 2021, apr\u00e8s des \u00e9tudes \u00e0 l\u2019universit\u00e9 (licences et master).<br>Il donne aujourd\u2019hui cours dans diff\u00e9rents centres de danse parisiens depuis plus de 4 ans maintenant.<br>Sa gestuelle est la synth\u00e8se de ce qu&rsquo;il a pu traverser dans son parcours (Nouvelle danse<br>fran\u00e7aise et belge, techniques modernes et post-modernes am\u00e9ricaines, ateliers de<br>compagnies, stages et cours open).<br>Il construit son cours autour d\u2019une barre technique assez dansante, avant de travailler des pas de bases ou des chemins plus chor\u00e9graphiques en travers\u00e9e pr\u00e9parant \u00e0 une phrase dans\u00e9e ou variation. Il essaye de faire \u00e9voluer l\u2019\u00e9l\u00e8ve autour de la mobilit\u00e9 du dos et du placement corporel, le tout entre des exerices debout et au sol.<br>Il souhaite amener l\u2019\u00e9l\u00e8ve dans les qualit\u00e9s du contemporain tout en pr\u00e9servant ses qualit\u00e9s de mouvements personnelles, le tout dans la bienveillance et l\u2019expressivit\u00e9 artistique.<\/p>\n\n\n\n<p>Il int\u00e8gre l&rsquo;Acad\u00e9mie de Danse &#8211; Passion et Formation en septembre 2025<\/p>\n","protected":false},"excerpt":{"rendered":"<p>Professeur de contemporain dipl\u00f4m\u00e9 d&rsquo;\u00e9tat Ludovic d\u00e9bute la danse contemporaine \u00e0 l\u2019\u00e2ge de 7 ans. Il fait sa formation en CRR pendant dix ans et obtient un DEC en 2013. Il a eu l\u2019opportunit\u00e9 d\u2019y danser du r\u00e9pertoire de courants fran\u00e7ais, am\u00e9ricain et belge ce qui lui a permis d\u2019apprivoiser la sc\u00e8ne avant de se [&hellip;]<\/p>\n","protected":false},"author":5976,"featured_media":0,"parent":0,"menu_order":0,"comment_status":"closed","ping_status":"closed","template":"","meta":{"footnotes":""},"class_list":["post-680","page","type-page","status-publish","hentry"],"_links":{"self":[{"href":"https:\/\/adpf.dansemeaux.com\/index.php\/wp-json\/wp\/v2\/pages\/680","targetHints":{"allow":["GET"]}}],"collection":[{"href":"https:\/\/adpf.dansemeaux.com\/index.php\/wp-json\/wp\/v2\/pages"}],"about":[{"href":"https:\/\/adpf.dansemeaux.com\/index.php\/wp-json\/wp\/v2\/types\/page"}],"author":[{"embeddable":true,"href":"https:\/\/adpf.dansemeaux.com\/index.php\/wp-json\/wp\/v2\/users\/5976"}],"replies":[{"embeddable":true,"href":"https:\/\/adpf.dansemeaux.com\/index.php\/wp-json\/wp\/v2\/comments?post=680"}],"version-history":[{"count":1,"href":"https:\/\/adpf.dansemeaux.com\/index.php\/wp-json\/wp\/v2\/pages\/680\/revisions"}],"predecessor-version":[{"id":682,"href":"https:\/\/adpf.dansemeaux.com\/index.php\/wp-json\/wp\/v2\/pages\/680\/revisions\/682"}],"wp:attachment":[{"href":"https:\/\/adpf.dansemeaux.com\/index.php\/wp-json\/wp\/v2\/media?parent=680"}],"curies":[{"name":"wp","href":"https:\/\/api.w.org\/{rel}","templated":true}]}}