{"id":676,"date":"2025-08-09T16:50:13","date_gmt":"2025-08-09T14:50:13","guid":{"rendered":"https:\/\/adpf.dansemeaux.com\/?page_id=676"},"modified":"2025-08-09T16:50:13","modified_gmt":"2025-08-09T14:50:13","slug":"constance-ruzel","status":"publish","type":"page","link":"https:\/\/adpf.dansemeaux.com\/index.php\/constance-ruzel\/","title":{"rendered":"Constance RUZEL"},"content":{"rendered":"\n<p>Professeur de classique dipl\u00f4m\u00e9 d&rsquo;\u00e9tat<\/p>\n\n\n<div class=\"wp-block-image is-style-rounded\">\n<figure class=\"alignleft size-large is-resized\"><img loading=\"lazy\" decoding=\"async\" width=\"682\" height=\"1024\" src=\"http:\/\/adpf.dansemeaux.com\/wp-content\/uploads\/2025\/07\/WhatsApp-Image-2025-07-05-at-15.48.45-682x1024.jpeg\" alt=\"\" class=\"wp-image-543\" style=\"width:280px;height:auto\" srcset=\"https:\/\/adpf.dansemeaux.com\/wp-content\/uploads\/2025\/07\/WhatsApp-Image-2025-07-05-at-15.48.45-682x1024.jpeg 682w, https:\/\/adpf.dansemeaux.com\/wp-content\/uploads\/2025\/07\/WhatsApp-Image-2025-07-05-at-15.48.45-200x300.jpeg 200w, https:\/\/adpf.dansemeaux.com\/wp-content\/uploads\/2025\/07\/WhatsApp-Image-2025-07-05-at-15.48.45-768x1153.jpeg 768w, https:\/\/adpf.dansemeaux.com\/wp-content\/uploads\/2025\/07\/WhatsApp-Image-2025-07-05-at-15.48.45-1023x1536.jpeg 1023w, https:\/\/adpf.dansemeaux.com\/wp-content\/uploads\/2025\/07\/WhatsApp-Image-2025-07-05-at-15.48.45.jpeg 1066w\" sizes=\"auto, (max-width: 682px) 100vw, 682px\" \/><\/figure>\n<\/div>\n\n\n<p>Constance Ruzel d\u00e9bute sa formation de danse Classique dans une acad\u00e9mie de danse pr\u00e9-professionnelle Toulousaine \u00e0 l&rsquo;\u00e2ge de 11ans, sous la tutelle de professeurs aux parcours diversifi\u00e9s : Carole Massouti\u00e9 (Directrice Artistique de l&rsquo;Acad\u00e9mie), Laure Muret (Danseuse au Ballet de l&rsquo;Op\u00e9ra de Paris), Jeanne Albertini (\u00c9toile au Th\u00e9\u00e2tre du Capitole), Val\u00e9rio Mangianti (Danseur Principal au Th\u00e9\u00e2tre du Capitole), Marieke Simons (Soliste au Ballet National de Hollande), Jean-Christophe Pitard-Bouet (\u00c9l\u00e8ve de Roxana Barbacaru, professeur de danse de Caract\u00e8re \u00e0 l&rsquo;\u00c9cole de danse de l&rsquo;Op\u00e9ra de Paris) en danse de caract\u00e8re, Marie-\u00c9lisabeth Wachter, professeur contemporain (Chor\u00e9graphe de sa propre compagnie \u00abHors Sol\u00bb) et bien d\u2019autres\u2026<\/p>\n\n\n\n<p>Apr\u00e8s l&rsquo;obtention des EAT Classique et Contemporain, elle se sp\u00e9cialise en danse classique aupr\u00e8s de l&rsquo;Acad\u00e9mie Internationale de Danse. Elle est form\u00e9e par Madame Floriane Blitz, dipl\u00f4m\u00e9e de l&rsquo;\u00c9cole de danse de l&rsquo;Op\u00e9ra de Paris, qui lui enseigne m\u00e9ticuleusement les codes de la m\u00e9thode fran\u00e7aise et ses \u00e9l\u00e9ments p\u00e9dagogiques. En parall\u00e8le, elle poursuit sa formation en danse de Caract\u00e8re aupr\u00e8s de Monsieur Jean-Christophe Pitard-Bouet. Elle con\u00e7oit la danse de caract\u00e8re comme \u00e9l\u00e9ment de d\u00e9veloppement de la personnalit\u00e9 du danseur dans son expression corporelle et artistique.<\/p>\n\n\n\n<p>Dipl\u00f4m\u00e9e d&rsquo;\u00c9tat, Constance a pour ambition de transmettre sa passion avec engagement, de partager son savoir avec bienveillance, exigence et enthousiasme. Son approche p\u00e9dagogique vise \u00e0 \u00e9veiller la curiosit\u00e9 et l&rsquo;appr\u00e9ciation des arts chez ses \u00e9l\u00e8ves ; elle cherche \u00e0 leur transmettre l&rsquo;amour et l\u2019histoire de la danse tout en les encourageant \u00e0 explorer leur propre cr\u00e9ativit\u00e9, \u00e0 d\u00e9velopper leur expressivit\u00e9 car, tout se fait, se sent et surtout se ressent.<\/p>\n\n\n\n<p>Passionn\u00e9e de danse Classique et de danse de Caract\u00e8re, elle se forme en continu pour offrir un enseignement riche, inspir\u00e9 par de multiples influences.<\/p>\n\n\n\n<p>\u00ab La danse est le plus sublime, le plus \u00e9mouvant, le plus beau de tous les arts, parce qu\u2019elle n\u2019est pas une simple traduction ou abstraction de la vie ; c\u2019est la vie elle-m\u00eame. \u00bb Henry Havelock Ellis<\/p>\n\n\n\n<p>Elle int\u00e8gre l\u2019Acad\u00e9mie de Danse \u2013 Passion et Formation en septembre 2025.<\/p>\n","protected":false},"excerpt":{"rendered":"<p>Professeur de classique dipl\u00f4m\u00e9 d&rsquo;\u00e9tat Constance Ruzel d\u00e9bute sa formation de danse Classique dans une acad\u00e9mie de danse pr\u00e9-professionnelle Toulousaine \u00e0 l&rsquo;\u00e2ge de 11ans, sous la tutelle de professeurs aux parcours diversifi\u00e9s : Carole Massouti\u00e9 (Directrice Artistique de l&rsquo;Acad\u00e9mie), Laure Muret (Danseuse au Ballet de l&rsquo;Op\u00e9ra de Paris), Jeanne Albertini (\u00c9toile au Th\u00e9\u00e2tre du Capitole), [&hellip;]<\/p>\n","protected":false},"author":5976,"featured_media":0,"parent":0,"menu_order":0,"comment_status":"closed","ping_status":"closed","template":"","meta":{"footnotes":""},"class_list":["post-676","page","type-page","status-publish","hentry"],"_links":{"self":[{"href":"https:\/\/adpf.dansemeaux.com\/index.php\/wp-json\/wp\/v2\/pages\/676","targetHints":{"allow":["GET"]}}],"collection":[{"href":"https:\/\/adpf.dansemeaux.com\/index.php\/wp-json\/wp\/v2\/pages"}],"about":[{"href":"https:\/\/adpf.dansemeaux.com\/index.php\/wp-json\/wp\/v2\/types\/page"}],"author":[{"embeddable":true,"href":"https:\/\/adpf.dansemeaux.com\/index.php\/wp-json\/wp\/v2\/users\/5976"}],"replies":[{"embeddable":true,"href":"https:\/\/adpf.dansemeaux.com\/index.php\/wp-json\/wp\/v2\/comments?post=676"}],"version-history":[{"count":1,"href":"https:\/\/adpf.dansemeaux.com\/index.php\/wp-json\/wp\/v2\/pages\/676\/revisions"}],"predecessor-version":[{"id":679,"href":"https:\/\/adpf.dansemeaux.com\/index.php\/wp-json\/wp\/v2\/pages\/676\/revisions\/679"}],"wp:attachment":[{"href":"https:\/\/adpf.dansemeaux.com\/index.php\/wp-json\/wp\/v2\/media?parent=676"}],"curies":[{"name":"wp","href":"https:\/\/api.w.org\/{rel}","templated":true}]}}