{"id":562,"date":"2025-07-13T13:51:00","date_gmt":"2025-07-13T11:51:00","guid":{"rendered":"https:\/\/adpf.dansemeaux.com\/?page_id=562"},"modified":"2025-07-15T19:34:41","modified_gmt":"2025-07-15T17:34:41","slug":"concours-2023-2024","status":"publish","type":"page","link":"https:\/\/adpf.dansemeaux.com\/index.php\/concours-2023-2024\/","title":{"rendered":"Concours 2023\/2024"},"content":{"rendered":"\n<h1 class=\"wp-block-heading\"><strong>Concours National de Saint M\u2019ART<\/strong><\/h1>\n\n\n\n<h2 class=\"wp-block-heading\"><em>Cat\u00e9gorie Loisir Amateur<\/em><\/h2>\n\n\n\n<h3 class=\"wp-block-heading\">Caract\u00e8re&nbsp;:<\/h3>\n\n\n\n<p>&nbsp;Angelina m\u00e9daille d\u2019or \u00e0 l\u2019unanimit\u00e9 pour son solo<\/p>\n\n\n\n<h3 class=\"wp-block-heading\">Classique&nbsp;:<\/h3>\n\n\n\n<p>Maimiti et Victoria m\u00e9daille d\u2019argent pour leur duo<\/p>\n\n\n\n<h3 class=\"wp-block-heading\">Jazz&nbsp;:<\/h3>\n\n\n\n<p>Isaline m\u00e9daille d\u2019or pour son solo<\/p>\n\n\n\n<p>Julia et Sonia m\u00e9daille d\u2019or pour leur duo<\/p>\n\n\n\n<p>Delinda m\u00e9daille d\u2019argent pour son solo<\/p>\n\n\n\n<p>Victoria et Lilou m\u00e9daille d\u2019argent pour leur duo<\/p>\n\n\n\n<h3 class=\"wp-block-heading\">Contemporain&nbsp;:<\/h3>\n\n\n\n<p>C\u00e9lia et Angelina m\u00e9daille d\u2019argent pour leur duo<\/p>\n\n\n\n<p><\/p>\n\n\n\n<h1 class=\"wp-block-heading\"><strong>Concours Europ\u00e9en de la CND 2023<\/strong><\/h1>\n\n\n\n<p>Caract\u00e8re&nbsp;: Une M\u00e9daille d\u2019or pour le quatuor<\/p>\n\n\n\n<p><\/p>\n\n\n\n<h1 class=\"wp-block-heading\"><strong>Les envol\u00e9es \u00e0 Roissy en France<\/strong><\/h1>\n\n\n\n<p>Lina&nbsp;: accessit<\/p>\n\n\n\n<p>&nbsp;Maimiti&nbsp;: 3<sup>\u00e8me<\/sup> prix<\/p>\n\n\n\n<p><\/p>\n\n\n\n<h1 class=\"wp-block-heading\"><strong>Classic&rsquo;o&rsquo;Jazz<\/strong><\/h1>\n\n\n\n<p>&nbsp;Classique solo<\/p>\n\n\n\n<p>&nbsp;M\u00e9daille d&rsquo;or pour Maimiti et Victoria<\/p>\n\n\n\n<p>En contemporain duo<\/p>\n\n\n\n<p>M\u00e9daille d&rsquo;argent pour Ang\u00e9lina et C\u00e9lia<\/p>\n\n\n\n<p><\/p>\n\n\n\n<h1 class=\"wp-block-heading\"><strong>CND R\u00e9gional Jazz-contemporain<\/strong><\/h1>\n\n\n\n<h3 class=\"wp-block-heading\">Contemporain&nbsp;:<\/h3>\n\n\n\n<p>M\u00e9daille d\u2019or r\u00e9gional avec f\u00e9licitation pour Julia en pr\u00e9paratoire<\/p>\n\n\n\n<p>M\u00e9daille d\u2019argent en groupe pour Succombe -nous ( Angelina, C\u00e9lia ,Julia ,Sonia, Alissa, In\u00e8s) cat 3<\/p>\n\n\n\n<h3 class=\"wp-block-heading\">Jazz&nbsp;:<\/h3>\n\n\n\n<p>1<sup>er<\/sup> prix R\u00e9gional pour Ines et Alissa pour le duo WAY OUT cat 3<\/p>\n\n\n\n<p>1<sup>er<\/sup> prix R\u00e9gional pour Delinda en solo impos\u00e9 cat 2<\/p>\n\n\n\n<p>1<sup>er<\/sup> prix National National pour Thaiss en solo impos\u00e9 cat 1 s\u00e9lectionn\u00e9e pour la CND National \u00e0 Lyon au mois de mai<\/p>\n\n\n\n<p>2<sup>\u00e8me<\/sup> prix&nbsp;:Luna et Maimiti pour le duo TWO-GETHER cat 2<\/p>\n\n\n\n<p>2<sup>\u00e8me<\/sup> prix&nbsp;: Victoria et Lilou pour le duo L&rsquo;IMPACT cat 3<\/p>\n\n\n\n<p>2<sup>\u00e8me<\/sup> prix&nbsp;: Luna en solo impos\u00e9 cat 2<\/p>\n\n\n\n<p>2<sup>\u00e8me<\/sup> prix&nbsp;: Pauline en solo impos\u00e9 cat 2 et \u00c9lodie en solo impos\u00e9 cat 2<\/p>\n\n\n\n<p>2<sup>\u00e8me<\/sup> prix&nbsp;: Jade en solo libre SMILY SCENE cat 3 Avanc\u00e9<\/p>\n\n\n\n<p>3<sup>\u00e8me<\/sup> prix&nbsp;: Sonia et Julia pour le duo JOHN 8:33 cat 3<\/p>\n\n\n\n<p>3<sup>\u00e8me<\/sup> prix&nbsp;: Loane en solo impos\u00e9 cat 2<\/p>\n\n\n\n<p>3<sup>\u00e8me<\/sup> prix&nbsp;: No\u00e9mie en solo impos\u00e9 cat 2<\/p>\n\n\n\n<p>3<sup>\u00e8me<\/sup> prix&nbsp;: M\u00e9lodie en solo impos\u00e9 cat 2<\/p>\n\n\n\n<p>3<sup>\u00e8me<\/sup> prix&nbsp;: Ombeline en solo impos\u00e9 cat 2<\/p>\n\n\n\n<p>3<sup>\u00e8me<\/sup> prix&nbsp;: Isaline en solo libre ESCAPE cat 4<\/p>\n\n\n\n<p><\/p>\n\n\n\n<h1 class=\"wp-block-heading\"><strong>Jeunes Talents pour Demain<\/strong><\/h1>\n\n\n\n<p>Jade&nbsp;: m\u00e9daille de bronze<\/p>\n\n\n\n<p><\/p>\n\n\n\n<h1 class=\"wp-block-heading\"><strong>CND R\u00e9gional classique-caract\u00e8re<\/strong><\/h1>\n\n\n\n<p>3<sup>\u00e8me<\/sup> prix pour Rose en classique pr\u00e9paratoire 2.<\/p>\n\n\n\n<p>2<sup>\u00e8me<\/sup> prix pour K\u00e9lya en classique en pr\u00e9paratoire 2<\/p>\n\n\n\n<p>2<sup>\u00e8me<\/sup> prix pour Thaiss classique pr\u00e9paratoire 2. Qui est s\u00e9lectionn\u00e9e au national pour le Jazz<\/p>\n\n\n\n<p>1<sup>er<\/sup> prix r\u00e9gional pour Louise en classique pr\u00e9paratoire 2<\/p>\n\n\n\n<p>1<sup>er<\/sup> prix r\u00e9gional pour Maelys en classique \u00e9l\u00e9mentaire 1.<\/p>\n\n\n\n<p>2<sup>\u00e8me<\/sup> prix pour Maimiti en classique moyen 1<\/p>\n\n\n\n<p>1<sup>er<\/sup> prix r\u00e9gional pour Victoria en classique moyen 1<\/p>\n\n\n\n<p>1<sup>er<\/sup> prix National pour Tao en classique sup\u00e9rieur 1<\/p>\n\n\n\n<p>1<sup>er<\/sup> prix National pour le duo de caract\u00e8re \u00ab KOLOKOL&rsquo;CHIKI \u00bb Armance et Tao .<\/p>\n\n\n\n<p>1<sup>er<\/sup> prix \u00e0 l\u2019unanimit\u00e9 National pour le duo de caract\u00e8re \u00ab Daria et Adela \u00bb Angelina et C\u00e9lia<\/p>\n\n\n\n<p>2<sup>\u00e8me<\/sup> prix pour le Trio de caract\u00e8re \u00ab STALKIVAT&rsquo;SYA \u00bb Ombeline , Th\u00e9a et M\u00e9lodie.<\/p>\n\n\n\n<p>1<sup>er<\/sup> prix National avec l\u2019unanimit\u00e9 pour le quatuor de caract\u00e8re \u00ab les petits marins \u00bb Maimiti, Delinda, Victoria et Lina<\/p>\n\n\n\n<p>1<sup>er<\/sup> prix National \u00e0 l\u2019unanimit\u00e9 pour le groupe. De caract\u00e8re \u00ab HOLUBKO\u00bb Victoria, Armance,C\u00e9lia,Angelina, Sonia, Julia et Zo\u00e9.<\/p>\n\n\n\n<p>M\u00e9daille de &nbsp;bronze en classique&nbsp;: Maimiti<\/p>\n\n\n\n<p><\/p>\n\n\n\n<h1 class=\"wp-block-heading\"><strong>Concours les Etoiles du 15 \u00e0 Boulogne<\/strong><\/h1>\n\n\n\n<p>M\u00e9daille d\u2019or caractere dont une avec la mention excellence pour les duo<\/p>\n\n\n\n<p><\/p>\n\n\n\n<h1 class=\"wp-block-heading\"><strong>Concours National CND \u00e0 Lyon<\/strong><\/h1>\n\n\n\n<p>3<sup>\u00e8me<\/sup> prix pour Thaiss en jazz cat\u00e9gorie 1<\/p>\n\n\n\n<p>3<sup>\u00e8me<\/sup> prix pour Tao en classique sup\u00e9rieur 1<\/p>\n\n\n\n<p>1<sup>er<\/sup> prix \u00e0 l\u2019unanimit\u00e9 pour le duo de caract\u00e8re \u00ab KOLOKOL&rsquo;CHIKI \u00bb Armance et Tao .<\/p>\n\n\n\n<p>1<sup>er<\/sup> prix avec f\u00e9licitations du jury pour le duo de caract\u00e8re \u00ab Daria et Adela \u00bb Angelina et C\u00e9lia<\/p>\n\n\n\n<p>1<sup>er<\/sup> prix \u00e0 l\u2019unanimit\u00e9 pour le quatuor de caract\u00e8re \u00ab les petits marins \u00bb Delinda, Lina,Maimiti et Victoria .<\/p>\n\n\n\n<p>1<sup>er<\/sup> prix avec f\u00e9licitations du jury et coup de c\u0153ur du jury pour le groupe. De caract\u00e8re \u00ab HOLUBKO\u00bb Armance,Angelina,C\u00e9lia,Julia,<\/p>\n\n\n\n<p>Victoria,Sonia, et Zo\u00e9.<\/p>\n\n\n\n<p><\/p>\n\n\n\n<h1 class=\"wp-block-heading\"><strong>Summer Studio Competition<\/strong><\/h1>\n\n\n\n<p>M\u00e9daille d\u2019or en solo classique pour Maimiti<\/p>\n\n\n\n<p>M\u00e9daille de bronze pour le groupe de jazz \u00ab \u00c0 fleur de peau \u00bb<\/p>\n\n\n\n<p><\/p>\n","protected":false},"excerpt":{"rendered":"<p>Concours National de Saint M\u2019ART Cat\u00e9gorie Loisir Amateur Caract\u00e8re&nbsp;: &nbsp;Angelina m\u00e9daille d\u2019or \u00e0 l\u2019unanimit\u00e9 pour son solo Classique&nbsp;: Maimiti et Victoria m\u00e9daille d\u2019argent pour leur duo Jazz&nbsp;: Isaline m\u00e9daille d\u2019or pour son solo Julia et Sonia m\u00e9daille d\u2019or pour leur duo Delinda m\u00e9daille d\u2019argent pour son solo Victoria et Lilou m\u00e9daille d\u2019argent pour leur duo [&hellip;]<\/p>\n","protected":false},"author":5976,"featured_media":0,"parent":0,"menu_order":0,"comment_status":"closed","ping_status":"closed","template":"","meta":{"_seopress_robots_primary_cat":"","_seopress_titles_title":"","_seopress_titles_desc":"","_seopress_robots_index":"","footnotes":""},"class_list":["post-562","page","type-page","status-publish","hentry"],"_links":{"self":[{"href":"https:\/\/adpf.dansemeaux.com\/index.php\/wp-json\/wp\/v2\/pages\/562","targetHints":{"allow":["GET"]}}],"collection":[{"href":"https:\/\/adpf.dansemeaux.com\/index.php\/wp-json\/wp\/v2\/pages"}],"about":[{"href":"https:\/\/adpf.dansemeaux.com\/index.php\/wp-json\/wp\/v2\/types\/page"}],"author":[{"embeddable":true,"href":"https:\/\/adpf.dansemeaux.com\/index.php\/wp-json\/wp\/v2\/users\/5976"}],"replies":[{"embeddable":true,"href":"https:\/\/adpf.dansemeaux.com\/index.php\/wp-json\/wp\/v2\/comments?post=562"}],"version-history":[{"count":3,"href":"https:\/\/adpf.dansemeaux.com\/index.php\/wp-json\/wp\/v2\/pages\/562\/revisions"}],"predecessor-version":[{"id":633,"href":"https:\/\/adpf.dansemeaux.com\/index.php\/wp-json\/wp\/v2\/pages\/562\/revisions\/633"}],"wp:attachment":[{"href":"https:\/\/adpf.dansemeaux.com\/index.php\/wp-json\/wp\/v2\/media?parent=562"}],"curies":[{"name":"wp","href":"https:\/\/api.w.org\/{rel}","templated":true}]}}