{"id":527,"date":"2025-06-29T22:26:28","date_gmt":"2025-06-29T20:26:28","guid":{"rendered":"https:\/\/adpf.dansemeaux.com\/?page_id=527"},"modified":"2025-06-29T22:26:28","modified_gmt":"2025-06-29T20:26:28","slug":"comedie-musicale","status":"publish","type":"page","link":"https:\/\/adpf.dansemeaux.com\/index.php\/comedie-musicale\/","title":{"rendered":"Com\u00e9die musicale"},"content":{"rendered":"\n<p class=\"has-white-color has-pale-pink-background-color has-text-color has-background has-link-color has-medium-font-size wp-elements-7141e277abb855a4240e9c39912f5e4d\">Qu&rsquo;est ce que la Com\u00e9die musicale ?<\/p>\n\n\n\n<p>Le cours de com\u00e9die musicale est une invitation \u00e0 vivre pleinement la sc\u00e8ne ! \u00c0 la crois\u00e9e du<br>th\u00e9\u00e2tre, de la danse et du chant, il permet aux participants de d\u00e9velopper leur expressivit\u00e9, leur<br>cr\u00e9ativit\u00e9 et leur confiance en eux \u00e0 travers des jeux d\u2019interpr\u00e9tation, des chor\u00e9graphies et des<br>chansons mises en sc\u00e8ne.<br>Chaque s\u00e9ance est construite autour de l\u2019exploration d\u2019univers musicaux vari\u00e9s et de situations<br>th\u00e9\u00e2trales, avec l\u2019objectif de pr\u00e9parer un spectacle collectif m\u00ealant joie, exigence et plaisir du jeu.<br>Le tout dans un cadre bienveillant o\u00f9 chacun trouve sa place, quel que soit son \u00e2ge ou son exp\u00e9rience.<\/p>\n\n\n\n<p class=\"has-white-color has-pale-pink-background-color has-text-color has-background has-link-color has-medium-font-size wp-elements-57d68c879a84e46976db33a21cc84163\">A qui s&rsquo;adresse les cours de Com\u00e9die musicale ?<\/p>\n\n\n\n<p>D\u00e8s l&rsquo;\u00e2ge de 8 ans, les \u00e9l\u00e8ves peuvent commencer les cours.<\/p>\n\n\n\n<p class=\"has-white-color has-pale-pink-background-color has-text-color has-background has-link-color has-medium-font-size wp-elements-282f654af6e0c160252d3011484d36ca\">Quand sont les cours ?<\/p>\n\n\n\n<ul class=\"wp-block-list\">\n<li>Vendredi de 19h15 \u00e0 20h30 \u00e0 partir de 13 ans<\/li>\n\n\n\n<li>Samedi de 16h30 \u00e0 17h30 de 8 \u00e0 12 ans <\/li>\n<\/ul>\n","protected":false},"excerpt":{"rendered":"<p>Qu&rsquo;est ce que la Com\u00e9die musicale ? Le cours de com\u00e9die musicale est une invitation \u00e0 vivre pleinement la sc\u00e8ne ! \u00c0 la crois\u00e9e duth\u00e9\u00e2tre, de la danse et du chant, il permet aux participants de d\u00e9velopper leur expressivit\u00e9, leurcr\u00e9ativit\u00e9 et leur confiance en eux \u00e0 travers des jeux d\u2019interpr\u00e9tation, des chor\u00e9graphies et deschansons mises [&hellip;]<\/p>\n","protected":false},"author":5976,"featured_media":0,"parent":0,"menu_order":0,"comment_status":"closed","ping_status":"closed","template":"","meta":{"_seopress_robots_primary_cat":"","_seopress_titles_title":"","_seopress_titles_desc":"","_seopress_robots_index":"","footnotes":""},"class_list":["post-527","page","type-page","status-publish","hentry"],"_links":{"self":[{"href":"https:\/\/adpf.dansemeaux.com\/index.php\/wp-json\/wp\/v2\/pages\/527","targetHints":{"allow":["GET"]}}],"collection":[{"href":"https:\/\/adpf.dansemeaux.com\/index.php\/wp-json\/wp\/v2\/pages"}],"about":[{"href":"https:\/\/adpf.dansemeaux.com\/index.php\/wp-json\/wp\/v2\/types\/page"}],"author":[{"embeddable":true,"href":"https:\/\/adpf.dansemeaux.com\/index.php\/wp-json\/wp\/v2\/users\/5976"}],"replies":[{"embeddable":true,"href":"https:\/\/adpf.dansemeaux.com\/index.php\/wp-json\/wp\/v2\/comments?post=527"}],"version-history":[{"count":1,"href":"https:\/\/adpf.dansemeaux.com\/index.php\/wp-json\/wp\/v2\/pages\/527\/revisions"}],"predecessor-version":[{"id":530,"href":"https:\/\/adpf.dansemeaux.com\/index.php\/wp-json\/wp\/v2\/pages\/527\/revisions\/530"}],"wp:attachment":[{"href":"https:\/\/adpf.dansemeaux.com\/index.php\/wp-json\/wp\/v2\/media?parent=527"}],"curies":[{"name":"wp","href":"https:\/\/api.w.org\/{rel}","templated":true}]}}