{"id":520,"date":"2025-06-29T22:12:00","date_gmt":"2025-06-29T20:12:00","guid":{"rendered":"https:\/\/adpf.dansemeaux.com\/?page_id=520"},"modified":"2025-07-21T11:08:43","modified_gmt":"2025-07-21T09:08:43","slug":"atelier-parent-enfant-3-ans","status":"publish","type":"page","link":"https:\/\/adpf.dansemeaux.com\/index.php\/atelier-parent-enfant-3-ans\/","title":{"rendered":"Atelier parent &#8211; enfant (3 ans)"},"content":{"rendered":"\n<p><\/p>\n\n\n\n<p class=\"has-white-color has-luminous-vivid-amber-background-color has-text-color has-background has-medium-font-size\" id=\"block-4ba846ac-96be-4041-bf08-b03743241f32\">Qu&rsquo;est ce que l&rsquo;atelier parent &#8211; enfant ?&nbsp;<\/p>\n\n\n\n<p id=\"block-d3f032fb-f9b5-4c21-b689-1a4f454b45cb\">Danser, grandir et cr\u00e9er du lien en duo. L\u2019atelier parents-enfants invite les tout-petits (d\u00e8s 3 ans) \u00e0<br>explorer la danse en douceur, dans un cadre rassurant et ludique. Ensemble, parent et enfant<br>d\u00e9couvrent le plaisir du mouvement, du rythme et de l\u2019imaginaire \u00e0 travers jeux, musiques et<br>histoires dans\u00e9es.<br>Un moment complice pour \u00e9veiller le corps, les \u00e9motions et la cr\u00e9ativit\u00e9, tout en renfor\u00e7ant les<br>liens\u2026 et en s\u2019amusant !<\/p>\n\n\n\n<p class=\"has-white-color has-luminous-vivid-amber-background-color has-text-color has-background has-medium-font-size\" id=\"block-130b2327-084a-497f-9479-be6234762580\">A qui s&rsquo;adresse l&rsquo;atelier parent &#8211; enfant ?<\/p>\n\n\n\n<p id=\"block-9db1b7b7-fa3c-4162-ae6c-d0559a28a003\">Aux enfants de 3 ans dans l&rsquo;ann\u00e9e o\u00f9 d\u00e9bute la saison et \u00e0 leurs parents (un par s\u00e9ance)<\/p>\n\n\n\n<p class=\"has-white-color has-luminous-vivid-amber-background-color has-text-color has-background has-medium-font-size\" id=\"block-255e474e-75ae-41bf-ac5a-a68e25b38e1e\">Que faire a la fin de son ann\u00e9e d&rsquo;atelier parent &#8211; enfant ?<\/p>\n\n\n\n<p id=\"block-e5747a60-8fbd-4017-8bdc-eb9ca8b7a5f4\">A partir de 4 ans, les enfants peuvent commencer \u00e0 suivre les cours d&rsquo;\u00e9veil \u00e0 la danse.<\/p>\n\n\n\n<p class=\"has-white-color has-luminous-vivid-amber-background-color has-text-color has-background has-medium-font-size\" id=\"block-295e3aef-5a27-4f4b-a618-b2d493bf0a2b\">Quand sont les cours ?<\/p>\n\n\n\n<hr class=\"wp-block-separator has-alpha-channel-opacity\" id=\"block-2f903040-2074-4a2f-a4a1-9a3639ee2d7c\"\/>\n\n\n\n<p id=\"block-7523ccf9-164b-4536-ad2e-99a0b59d6870\">\u2022 1 samedi sur 2 selon un planning pr\u00e9d\u00e9fini de 9h \u00e0 10h<\/p>\n\n\n<div class=\"wp-block-image\">\n<figure class=\"aligncenter size-large\"><img alt=\"\" loading=\"lazy\" decoding=\"async\" width=\"819\" height=\"1024\" src=\"https:\/\/adpf.dansemeaux.com\/wp-content\/uploads\/2025\/07\/Planning-Atelier-parent-enfant.png-819x1024.png\" alt=\"\" class=\"wp-image-655\" srcset=\"https:\/\/adpf.dansemeaux.com\/wp-content\/uploads\/2025\/07\/Planning-Atelier-parent-enfant.png-819x1024.png 819w, https:\/\/adpf.dansemeaux.com\/wp-content\/uploads\/2025\/07\/Planning-Atelier-parent-enfant.png-240x300.png 240w, https:\/\/adpf.dansemeaux.com\/wp-content\/uploads\/2025\/07\/Planning-Atelier-parent-enfant.png-768x960.png 768w, https:\/\/adpf.dansemeaux.com\/wp-content\/uploads\/2025\/07\/Planning-Atelier-parent-enfant.png.png 1080w\" sizes=\"auto, (max-width: 819px) 100vw, 819px\" \/><\/figure>\n<\/div>","protected":false},"excerpt":{"rendered":"<p>Qu&rsquo;est ce que l&rsquo;atelier parent &#8211; enfant ?&nbsp; Danser, grandir et cr\u00e9er du lien en duo. L\u2019atelier parents-enfants invite les tout-petits (d\u00e8s 3 ans) \u00e0explorer la danse en douceur, dans un cadre rassurant et ludique. Ensemble, parent et enfantd\u00e9couvrent le plaisir du mouvement, du rythme et de l\u2019imaginaire \u00e0 travers jeux, musiques ethistoires dans\u00e9es.Un moment [&hellip;]<\/p>\n","protected":false},"author":5976,"featured_media":0,"parent":0,"menu_order":0,"comment_status":"closed","ping_status":"closed","template":"","meta":{"_seopress_robots_primary_cat":"","_seopress_titles_title":"","_seopress_titles_desc":"","_seopress_robots_index":"","footnotes":""},"class_list":["post-520","page","type-page","status-publish","hentry"],"_links":{"self":[{"href":"https:\/\/adpf.dansemeaux.com\/index.php\/wp-json\/wp\/v2\/pages\/520","targetHints":{"allow":["GET"]}}],"collection":[{"href":"https:\/\/adpf.dansemeaux.com\/index.php\/wp-json\/wp\/v2\/pages"}],"about":[{"href":"https:\/\/adpf.dansemeaux.com\/index.php\/wp-json\/wp\/v2\/types\/page"}],"author":[{"embeddable":true,"href":"https:\/\/adpf.dansemeaux.com\/index.php\/wp-json\/wp\/v2\/users\/5976"}],"replies":[{"embeddable":true,"href":"https:\/\/adpf.dansemeaux.com\/index.php\/wp-json\/wp\/v2\/comments?post=520"}],"version-history":[{"count":3,"href":"https:\/\/adpf.dansemeaux.com\/index.php\/wp-json\/wp\/v2\/pages\/520\/revisions"}],"predecessor-version":[{"id":656,"href":"https:\/\/adpf.dansemeaux.com\/index.php\/wp-json\/wp\/v2\/pages\/520\/revisions\/656"}],"wp:attachment":[{"href":"https:\/\/adpf.dansemeaux.com\/index.php\/wp-json\/wp\/v2\/media?parent=520"}],"curies":[{"name":"wp","href":"https:\/\/api.w.org\/{rel}","templated":true}]}}