{"id":504,"date":"2025-06-29T19:50:03","date_gmt":"2025-06-29T17:50:03","guid":{"rendered":"https:\/\/adpf.dansemeaux.com\/?page_id=504"},"modified":"2025-06-30T19:38:14","modified_gmt":"2025-06-30T17:38:14","slug":"chany-gravey","status":"publish","type":"page","link":"https:\/\/adpf.dansemeaux.com\/index.php\/chany-gravey\/","title":{"rendered":"Chany GRAVEY"},"content":{"rendered":"\n<p>Professeur titulaire d&rsquo;un DEUG STAPS <\/p>\n\n\n<div class=\"wp-block-image is-style-rounded\">\n<figure class=\"alignleft size-large is-resized\"><img loading=\"lazy\" decoding=\"async\" width=\"724\" height=\"1024\" src=\"http:\/\/adpf.dansemeaux.com\/wp-content\/uploads\/2025\/06\/556A3847-724x1024.jpg\" alt=\"\" class=\"wp-image-505\" style=\"width:218px;height:auto\" srcset=\"https:\/\/adpf.dansemeaux.com\/wp-content\/uploads\/2025\/06\/556A3847-724x1024.jpg 724w, https:\/\/adpf.dansemeaux.com\/wp-content\/uploads\/2025\/06\/556A3847-212x300.jpg 212w, https:\/\/adpf.dansemeaux.com\/wp-content\/uploads\/2025\/06\/556A3847-768x1087.jpg 768w, https:\/\/adpf.dansemeaux.com\/wp-content\/uploads\/2025\/06\/556A3847.jpg 887w\" sizes=\"auto, (max-width: 724px) 100vw, 724px\" \/><\/figure>\n<\/div>\n\n\n<p class=\"has-text-align-left\">Chany est passionn\u00e9e par la danse et la sc\u00e8ne depuis son plus<br>jeune \u00e2ge. Form\u00e9e au conservatoire \u00e0 rayonnement r\u00e9gional de<br>Perpignan en classe \u00e0 horaires am\u00e9nag\u00e9s en danse classique et<br>contemporaine durant toute son enfance, elle a poursuivi son<br>apprentissage en jazz et modern jazz au lyc\u00e9e et \u00e0 l\u2019universit\u00e9.<br>Depuis plus de vingt ans, elle con\u00e7oit et met en sc\u00e8ne des<br>spectacles musicaux originaux \u00e0 destination d\u2019un public de 3 \u00e0 99<br>ans lors des saisons d\u2019\u00e9t\u00e9, ainsi que des com\u00e9dies musicales en<br>milieu scolaire en partenariat avec la ville de Meaux et le Th\u00e9\u00e2tre<br>du Luxembourg.<br>Parall\u00e8lement, Chany enseigne depuis vingt ans en tant que<br>professeure des \u00e9coles, alliant rigueur p\u00e9dagogique et cr\u00e9ativit\u00e9<br>artistique. Titulaire d\u2019un DEUG STAPS et d&rsquo;une licence en sciences de l&rsquo;\u00e9ducation et<br>motricit\u00e9, elle entame une nouvelle \u00e9tape de son parcours en<br>int\u00e9grant l\u2019\u00e9cole Choreia pour pr\u00e9parer le Dipl\u00f4me d\u2019\u00c9tat de danse jazz et contemporaine.<br>Son approche p\u00e9dagogique exigeante, bienveillante et joyeuse invite chacun, quel que soit son \u00e2ge, \u00e0 explorer la danse et la com\u00e9die musicale comme un espace d\u2019expression, de partage et de plaisir.<\/p>\n\n\n\n<p>Elle int\u00e8gre l&rsquo;Acad\u00e9mie de Danse &#8211; Passion en septembre 2025<\/p>\n\n\n\n<p>cr\u00e9dit photo : Henri Bontemps<\/p>\n","protected":false},"excerpt":{"rendered":"<p>Professeur titulaire d&rsquo;un DEUG STAPS Chany est passionn\u00e9e par la danse et la sc\u00e8ne depuis son plusjeune \u00e2ge. Form\u00e9e au conservatoire \u00e0 rayonnement r\u00e9gional dePerpignan en classe \u00e0 horaires am\u00e9nag\u00e9s en danse classique etcontemporaine durant toute son enfance, elle a poursuivi sonapprentissage en jazz et modern jazz au lyc\u00e9e et \u00e0 l\u2019universit\u00e9.Depuis plus de vingt [&hellip;]<\/p>\n","protected":false},"author":5976,"featured_media":0,"parent":0,"menu_order":0,"comment_status":"closed","ping_status":"closed","template":"","meta":{"footnotes":""},"class_list":["post-504","page","type-page","status-publish","hentry"],"_links":{"self":[{"href":"https:\/\/adpf.dansemeaux.com\/index.php\/wp-json\/wp\/v2\/pages\/504","targetHints":{"allow":["GET"]}}],"collection":[{"href":"https:\/\/adpf.dansemeaux.com\/index.php\/wp-json\/wp\/v2\/pages"}],"about":[{"href":"https:\/\/adpf.dansemeaux.com\/index.php\/wp-json\/wp\/v2\/types\/page"}],"author":[{"embeddable":true,"href":"https:\/\/adpf.dansemeaux.com\/index.php\/wp-json\/wp\/v2\/users\/5976"}],"replies":[{"embeddable":true,"href":"https:\/\/adpf.dansemeaux.com\/index.php\/wp-json\/wp\/v2\/comments?post=504"}],"version-history":[{"count":4,"href":"https:\/\/adpf.dansemeaux.com\/index.php\/wp-json\/wp\/v2\/pages\/504\/revisions"}],"predecessor-version":[{"id":533,"href":"https:\/\/adpf.dansemeaux.com\/index.php\/wp-json\/wp\/v2\/pages\/504\/revisions\/533"}],"wp:attachment":[{"href":"https:\/\/adpf.dansemeaux.com\/index.php\/wp-json\/wp\/v2\/media?parent=504"}],"curies":[{"name":"wp","href":"https:\/\/api.w.org\/{rel}","templated":true}]}}