{"id":426,"date":"2025-03-17T06:16:12","date_gmt":"2025-03-17T05:16:12","guid":{"rendered":"https:\/\/adpf.dansemeaux.com\/?page_id=426"},"modified":"2025-09-21T19:04:15","modified_gmt":"2025-09-21T17:04:15","slug":"pre-inscriptions","status":"publish","type":"page","link":"https:\/\/adpf.dansemeaux.com\/index.php\/pre-inscriptions\/","title":{"rendered":"Pr\u00e9 &#8211; inscriptions 2025 &#8211; 2026"},"content":{"rendered":"\n<p><strong><mark style=\"background-color:rgba(0, 0, 0, 0)\" class=\"has-inline-color has-black-color\">Les pr\u00e9-inscriptions sont closes pour la saison 2025 &#8211; 2026<\/mark><\/strong>.<\/p>\n\n\n\n<p><strong>Pour tout renseignement et\/ou inscription, vous pouvez nous contacter par mail. <\/strong><\/p>\n\n\n\n<p>Quelques informations pour une pr\u00e9-inscription r\u00e9ussie : <\/p>\n\n\n\n<ul class=\"wp-block-list\">\n<li>ne jamais cocher plus de 1 par adh\u00e9rent.<\/li>\n<\/ul>\n\n\n\n<ul class=\"wp-block-list\">\n<li>Vous pouvez pr\u00e9-inscrire jusqu&rsquo;\u00e0 4 adh\u00e9rents pour un m\u00eame dossier. Attention cependant de toujours cocher \u00ab\u00a01\u00a0\u00bb pour chaque adh\u00e9rent.<\/li>\n\n\n\n<li>Pour les mineurs, merci de bien remplir la partie administrative correspondant aux parents\/repr\u00e9sentants l\u00e9gaux.<\/li>\n<\/ul>\n\n\n\n<div class=\"wp-block-buttons is-layout-flex wp-block-buttons-is-layout-flex\">\n<div class=\"wp-block-button\"><a class=\"wp-block-button__link wp-element-button\" href=\"https:\/\/www.helloasso.com\/associations\/academie-de-danse-passion-et-formation\/adhesions\/adhesion-2025-2026-danse\"><mark style=\"background-color:rgba(0, 0, 0, 0)\" class=\"has-inline-color has-black-color\"><strong>Pr\u00e9-inscription en ligne<\/strong><\/mark><\/a><\/div>\n<\/div>\n\n\n\n<p><\/p>\n\n\n\n<p><strong><mark style=\"background-color:rgba(0, 0, 0, 0)\" class=\"has-inline-color has-black-color\">Questionnaire de sant\u00e9 \u00e0 t\u00e9l\u00e9charger et \u00e0 nous fournir lors des inscriptions \u00e0 la rentr\u00e9e<\/mark><mark style=\"background-color:rgba(0, 0, 0, 0)\" class=\"has-inline-color has-vivid-cyan-blue-color\"> <\/mark><\/strong>:<\/p>\n\n\n\n<div class=\"wp-block-buttons is-layout-flex wp-block-buttons-is-layout-flex\">\n<div class=\"wp-block-button\"><a class=\"wp-block-button__link wp-element-button\" href=\"http:\/\/adpf.dansemeaux.com\/wp-content\/uploads\/2025\/03\/cerfa_15699-QS-ADPF.pdf\"><mark style=\"background-color:rgba(0, 0, 0, 0)\" class=\"has-inline-color has-black-color\"><strong>Questionnaire de sant\u00e9<\/strong><\/mark><\/a><\/div>\n<\/div>\n\n\n\n<p><\/p>\n","protected":false},"excerpt":{"rendered":"<p>Les pr\u00e9-inscriptions sont closes pour la saison 2025 &#8211; 2026. Pour tout renseignement et\/ou inscription, vous pouvez nous contacter par mail. Quelques informations pour une pr\u00e9-inscription r\u00e9ussie : Questionnaire de sant\u00e9 \u00e0 t\u00e9l\u00e9charger et \u00e0 nous fournir lors des inscriptions \u00e0 la rentr\u00e9e :<\/p>\n","protected":false},"author":5976,"featured_media":0,"parent":0,"menu_order":0,"comment_status":"closed","ping_status":"closed","template":"","meta":{"_seopress_robots_primary_cat":"","_seopress_titles_title":"","_seopress_titles_desc":"","_seopress_robots_index":"","footnotes":""},"class_list":["post-426","page","type-page","status-publish","hentry"],"_links":{"self":[{"href":"https:\/\/adpf.dansemeaux.com\/index.php\/wp-json\/wp\/v2\/pages\/426","targetHints":{"allow":["GET"]}}],"collection":[{"href":"https:\/\/adpf.dansemeaux.com\/index.php\/wp-json\/wp\/v2\/pages"}],"about":[{"href":"https:\/\/adpf.dansemeaux.com\/index.php\/wp-json\/wp\/v2\/types\/page"}],"author":[{"embeddable":true,"href":"https:\/\/adpf.dansemeaux.com\/index.php\/wp-json\/wp\/v2\/users\/5976"}],"replies":[{"embeddable":true,"href":"https:\/\/adpf.dansemeaux.com\/index.php\/wp-json\/wp\/v2\/comments?post=426"}],"version-history":[{"count":8,"href":"https:\/\/adpf.dansemeaux.com\/index.php\/wp-json\/wp\/v2\/pages\/426\/revisions"}],"predecessor-version":[{"id":759,"href":"https:\/\/adpf.dansemeaux.com\/index.php\/wp-json\/wp\/v2\/pages\/426\/revisions\/759"}],"wp:attachment":[{"href":"https:\/\/adpf.dansemeaux.com\/index.php\/wp-json\/wp\/v2\/media?parent=426"}],"curies":[{"name":"wp","href":"https:\/\/api.w.org\/{rel}","templated":true}]}}