{"id":27,"date":"2023-09-08T18:39:01","date_gmt":"2023-09-08T16:39:01","guid":{"rendered":"https:\/\/adpf.dansemeaux.com\/?page_id=27"},"modified":"2025-09-01T10:59:47","modified_gmt":"2025-09-01T08:59:47","slug":"danse-contemporaine","status":"publish","type":"page","link":"https:\/\/adpf.dansemeaux.com\/index.php\/danse-contemporaine\/","title":{"rendered":"Danse Contemporaine"},"content":{"rendered":"<div class=\"wp-block-image\">\n<figure class=\"alignright size-large is-resized\"><img alt=\"\" loading=\"lazy\" decoding=\"async\" width=\"723\" height=\"1024\" src=\"https:\/\/adpf.dansemeaux.com\/wp-content\/uploads\/2025\/07\/556A4150-723x1024.jpg\" alt=\"\" class=\"wp-image-581\" style=\"width:252px;height:auto\" srcset=\"https:\/\/adpf.dansemeaux.com\/wp-content\/uploads\/2025\/07\/556A4150-723x1024.jpg 723w, https:\/\/adpf.dansemeaux.com\/wp-content\/uploads\/2025\/07\/556A4150-212x300.jpg 212w, https:\/\/adpf.dansemeaux.com\/wp-content\/uploads\/2025\/07\/556A4150-768x1088.jpg 768w, https:\/\/adpf.dansemeaux.com\/wp-content\/uploads\/2025\/07\/556A4150.jpg 917w\" sizes=\"auto, (max-width: 723px) 100vw, 723px\" \/><figcaption class=\"wp-element-caption\">Cr\u00e9dit photo : Henri Bontemps<\/figcaption><\/figure>\n<\/div>\n\n\n<figure class=\"wp-block-image size-large is-resized\"><img alt=\"\" loading=\"lazy\" decoding=\"async\" width=\"1024\" height=\"684\" src=\"https:\/\/adpf.dansemeaux.com\/wp-content\/uploads\/2025\/07\/556A3171-1024x684.jpg\" alt=\"\" class=\"wp-image-580\" style=\"width:595px;height:auto\" srcset=\"https:\/\/adpf.dansemeaux.com\/wp-content\/uploads\/2025\/07\/556A3171-1024x684.jpg 1024w, https:\/\/adpf.dansemeaux.com\/wp-content\/uploads\/2025\/07\/556A3171-300x200.jpg 300w, https:\/\/adpf.dansemeaux.com\/wp-content\/uploads\/2025\/07\/556A3171-768x513.jpg 768w, https:\/\/adpf.dansemeaux.com\/wp-content\/uploads\/2025\/07\/556A3171-1536x1026.jpg 1536w, https:\/\/adpf.dansemeaux.com\/wp-content\/uploads\/2025\/07\/556A3171-2048x1368.jpg 2048w\" sizes=\"auto, (max-width: 1024px) 100vw, 1024px\" \/><\/figure>\n\n\n\n<p><\/p>\n\n\n\n<p><\/p>\n\n\n\n<p class=\"has-white-color has-vivid-green-cyan-background-color has-text-color has-background has-medium-font-size\">Qu&rsquo;est ce que la Danse Contemporaine ?&nbsp;<\/p>\n\n\n\n<p>N\u00e9e au d\u00e9but du 20e si\u00e8cle, dans le prolongement de la danse Moderne, la danse contemporaine repr\u00e9sente&nbsp;un nouvel \u00e9lan de libert\u00e9&nbsp;! Elle se d\u00e9mocratise dans les ann\u00e9es 70 en France et \u00e9volue avec son temps, se nourrissant des diff\u00e9rents arts et cr\u00e9ant des passerelles entre la danse et d\u2019autres formes d\u2019expression.<\/p>\n\n\n\n<p>La danse contemporaine cherche \u00e0 s&rsquo;affranchir des codes narratifs en mettant en avant le mouvement sans chercher \u00e0 raconter quelque chose.<br>\u00c0 l&rsquo;oppos\u00e9, on peut avoir de la danse th\u00e9\u00e2tre qui permet un travail sur une gestuelle renvoyant \u00e0 un sujet pr\u00e9cis.<br>Le travail d&rsquo;improvisation a aussi une part importante au sein de l&rsquo;expression contemporaine.<\/p>\n\n\n\n<p>Les principes fondamentaux sont ax\u00e9s autour de l\u2019exp\u00e9rimentation&nbsp;du&nbsp;Temps, du changement d\u2019\u00e9nergie et de dynamique, de l\u2019impulsion naturelle du corps, du d\u00e9placement dans l\u2019Espace, de la sensation.<\/p>\n\n\n\n<p class=\"has-white-color has-vivid-green-cyan-background-color has-text-color has-background has-medium-font-size\">A qui s&rsquo;adresse la Danse Contemporaine ?&nbsp;<\/p>\n\n\n\n<p>A partir de 8 ans, filles, gar\u00e7ons et adultes sont les bienvenus !&nbsp;<\/p>\n\n\n\n<p class=\"has-white-color has-vivid-green-cyan-background-color has-text-color has-background has-medium-font-size\">Quand sont les cours?&nbsp;<\/p>\n\n\n\n<p><strong>\u2022 Lundi<\/strong><\/p>\n\n\n\n<p>D\u00e9butants : 17h45 &#8211; 18h45<\/p>\n\n\n\n<p>Ado : 18h45 &#8211; 20h<\/p>\n\n\n\n<p>Avanc\u00e9s \u00e0 partir de 15 ans : 20h &#8211; 21h30<\/p>\n\n\n\n<hr class=\"wp-block-separator has-alpha-channel-opacity\"\/>\n\n\n\n<p><\/p>\n\n\n\n<p><\/p>\n","protected":false},"excerpt":{"rendered":"<p>Qu&rsquo;est ce que la Danse Contemporaine ?&nbsp; N\u00e9e au d\u00e9but du 20e si\u00e8cle, dans le prolongement de la danse Moderne, la danse contemporaine repr\u00e9sente&nbsp;un nouvel \u00e9lan de libert\u00e9&nbsp;! Elle se d\u00e9mocratise dans les ann\u00e9es 70 en France et \u00e9volue avec son temps, se nourrissant des diff\u00e9rents arts et cr\u00e9ant des passerelles entre la danse et [&hellip;]<\/p>\n","protected":false},"author":2,"featured_media":0,"parent":0,"menu_order":0,"comment_status":"closed","ping_status":"closed","template":"","meta":{"_seopress_robots_primary_cat":"","_seopress_titles_title":"","_seopress_titles_desc":"","_seopress_robots_index":"","footnotes":""},"class_list":["post-27","page","type-page","status-publish","hentry"],"_links":{"self":[{"href":"https:\/\/adpf.dansemeaux.com\/index.php\/wp-json\/wp\/v2\/pages\/27","targetHints":{"allow":["GET"]}}],"collection":[{"href":"https:\/\/adpf.dansemeaux.com\/index.php\/wp-json\/wp\/v2\/pages"}],"about":[{"href":"https:\/\/adpf.dansemeaux.com\/index.php\/wp-json\/wp\/v2\/types\/page"}],"author":[{"embeddable":true,"href":"https:\/\/adpf.dansemeaux.com\/index.php\/wp-json\/wp\/v2\/users\/2"}],"replies":[{"embeddable":true,"href":"https:\/\/adpf.dansemeaux.com\/index.php\/wp-json\/wp\/v2\/comments?post=27"}],"version-history":[{"count":17,"href":"https:\/\/adpf.dansemeaux.com\/index.php\/wp-json\/wp\/v2\/pages\/27\/revisions"}],"predecessor-version":[{"id":706,"href":"https:\/\/adpf.dansemeaux.com\/index.php\/wp-json\/wp\/v2\/pages\/27\/revisions\/706"}],"wp:attachment":[{"href":"https:\/\/adpf.dansemeaux.com\/index.php\/wp-json\/wp\/v2\/media?parent=27"}],"curies":[{"name":"wp","href":"https:\/\/api.w.org\/{rel}","templated":true}]}}