{"id":247,"date":"2024-06-12T16:59:07","date_gmt":"2024-06-12T14:59:07","guid":{"rendered":"https:\/\/adpf.dansemeaux.com\/?page_id=247"},"modified":"2025-09-01T14:18:52","modified_gmt":"2025-09-01T12:18:52","slug":"reglement-interieur","status":"publish","type":"page","link":"https:\/\/adpf.dansemeaux.com\/index.php\/reglement-interieur\/","title":{"rendered":"R\u00e9glement int\u00e9rieur"},"content":{"rendered":"\n<p><\/p>\n\n\n\n<p><strong><u>Article 1\u00a0: Organisation annuelle des cours<\/u><\/strong><\/p>\n\n\n\n<p>\u00a0Les cours auront lieu jusqu\u2019au samedi inclus de chaque vacances scolaires. Il n\u2019y aura pas de cours durant les vacances scolaires, cependant des stages et\/ou des cours exceptionnels pourront \u00e9ventuellement \u00eatre propos\u00e9s en fonction de la demande.<\/p>\n\n\n\n<p>Les \u00e9l\u00e8ves inscrits en d\u00e9but d\u2019ann\u00e9e dans un cours, pourront se voir proposer des cours suppl\u00e9mentaires par les professeurs et\/ou la direction. Les cours suppl\u00e9mentaires peuvent \u00e9galement \u00eatre demand\u00e9s par l\u2019\u00e9l\u00e8ve et ses parents d\u00e8s l\u2019inscription et seront valid\u00e9s par les professeurs et la direction. En cas d\u2019acceptation, les parents s\u2019engagent \u00e0 ce que l\u2019\u00e9l\u00e8ve soit pr\u00e9sent \u00e0 tous les cours.<\/p>\n\n\n\n<p>D\u00e8s l\u2019inscription, l\u2019\u00e9l\u00e8ve sera affect\u00e9\u0301 \u00e0 un groupe correspondant \u00e0 son \u00e2ge et \u00e0 son niveau. Seuls les professeurs pourront proposer aux parents ou repr\u00e9sentant l\u00e9gal, un cours plus adapt\u00e9 au niveau de l\u2019\u00e9l\u00e8ve si cela s\u2019av\u00e8re n\u00e9cessaire (classe sup\u00e9rieure comme inf\u00e9rieure). Cette modification peut intervenir \u00e0 tout moment de l\u2019ann\u00e9e. Par cons\u00e9quent, apr\u00e8s consultation des parents, le cours de l\u2019enfant pourra changer de jour et d\u2019horaire. <\/p>\n\n\n\n<p>Tout planning \u00e9tabli est susceptible de changements les premi\u00e8res semaines de cours.<\/p>\n\n\n\n<p><strong><u>Article 2 : Pr\u00e9sentation, comportement &amp; discipline<\/u><\/strong><\/p>\n\n\n\n<p>En toutes circonstances et dans l\u2019enceinte de l\u2019Acad\u00e9mie de Danse, toute personne doit avoir un comportement correct en actes et en paroles.<\/p>\n\n\n\n<p>Les locaux doivent rester propres. Les papiers, bouteilles vides \u2026 doivent \u00eatre jet\u00e9s par les consommateurs dans les poubelles r\u00e9serv\u00e9es \u00e0 cet effet.<\/p>\n\n\n\n<p>Les chaussures doivent \u00eatre enlev\u00e9es dans le hall d\u2019entr\u00e9e et rang\u00e9es dans les casiers pr\u00e9vus \u00e0 cet effet.<\/p>\n\n\n\n<p>Il est strictement interdit de fumer dans les locaux de l\u2019Acad\u00e9mie de Danse.<\/p>\n\n\n\n<p>Le chewing-gum, les sucettes et les bijoux saillants sont strictement interdits pendant les cours et toutes les repr\u00e9sentations.<\/p>\n\n\n\n<p>Les objets tranchants ou dangereux sont formellement interdits.<\/p>\n\n\n\n<p>Les manquements au principe de bonne conduite \u00e0 l\u2019\u00e9gard d\u2019un professeur, d\u2019un membre du bureau ou de toute autre personne pr\u00e9sente dans les locaux de l\u2019Acad\u00e9mie de Danse ne sont pas tol\u00e9r\u00e9s. Toute personne ne respectant pas cet article fera l\u2019objet d\u2019un avertissement.<\/p>\n\n\n\n<p>En cas de r\u00e9cidive, le bureau se d\u00e9finit le droit de l\u2019exclure d\u00e9finitivement des cours ou des locaux.<\/p>\n\n\n\n<p>L\u2019exclusion temporaire ou d\u00e9finitive ne remet pas en cause le paiement de la cotisation.<\/p>\n\n\n\n<p>\u00a0Les \u00e9l\u00e8ves mineurs ne pourront quitter seuls le studio que sur autorisation \u00e9crite des parents.<\/p>\n\n\n\n<p><strong><u>Article 3 : Tenue vestimentaire<\/u><\/strong><\/p>\n\n\n\n<p>En danse classique et caract\u00e8re, une tenue obligatoire est impos\u00e9e et d\u00e9termin\u00e9e par le professeur en d\u00e9but d\u2019ann\u00e9e. Le port de collant et de chaussons ad\u00e9quats est obligatoire. Les cheveux doivent \u00eatre attach\u00e9s (chignon pour les filles)<\/p>\n\n\n\n<p>En danse Modern \u2018jazz, en danse Contemporaine, en \u00e9veil et en initiation, une tenue obligatoire est \u00e9galement impos\u00e9e et d\u00e9termin\u00e9e par le professeur en d\u00e9but d\u2019ann\u00e9e. Les cheveux doivent \u00eatre attach\u00e9s.<\/p>\n\n\n\n<p>Tout manquement au respect de ses r\u00e8gles, fera l\u2019objet d\u2019un rappel par le professeur et si besoin par le bureau.<\/p>\n\n\n\n<p>Les effets oubli\u00e9s \u00e0 l\u2019\u00e9cole sont conserv\u00e9s pendant l\u2019ann\u00e9e en cours dans une pani\u00e8re situ\u00e9e dans le vestiaire. A la fin de l\u2019ann\u00e9e scolaire, les v\u00eatements ou autres objets non r\u00e9cup\u00e9r\u00e9s seront remis \u00e0 des \u0153uvres d\u2019utilit\u00e9 publique. L\u2019Acad\u00e9mie de Danse n\u2019est pas responsable des effets laiss\u00e9s \u00e0 l\u2019\u00e9cole.<\/p>\n\n\n\n<p><strong><u>Article 4 : Assiduit\u00e9<\/u><\/strong><\/p>\n\n\n\n<p>L\u2019assiduit\u00e9 et l\u2019exactitude sont les conditions essentielles d\u2019un travail efficace.<\/p>\n\n\n\n<p>Toute absence doit \u00eatre justifi\u00e9e. Les parents et les adh\u00e9rents majeurs sont pri\u00e9s d\u2019en informer les professeurs avant le d\u00e9but des cours, afin de ne pas perturber leur bon d\u00e9roulement.<\/p>\n\n\n\n<p><strong><u>Article 5 : Acc\u00e8s \u00e0 l\u2019\u00e9cole &amp; aux salles de danse<\/u><\/strong><\/p>\n\n\n\n<p>L\u2019acc\u00e8s \u00e0 l\u2019Acad\u00e9mie de Danse est strictement interdit aux personnes ext\u00e9rieures \u00e0 l\u2019\u00e9cole de danse sauf autorisation sp\u00e9ciale du bureau. Les parents des \u00e9l\u00e8ves ne sont pas autoris\u00e9s \u00e0 p\u00e9n\u00e9trer dans les salles de cours.<\/p>\n\n\n\n<p>Les vestiaires sont interdits aux hommes, except\u00e9s les danseurs de l\u2019\u00e9cole.<\/p>\n\n\n\n<p>Les \u00e9l\u00e8ves doivent attendre le professeur pour acc\u00e9der \u00e0 la salle de danse.<\/p>\n\n\n\n<p>Les \u00e9l\u00e8ves ne peuvent pas quitter les cours sans l\u2019autorisation du professeur.<\/p>\n\n\n\n<p>Le rattrapage de cours reste exceptionnel et n\u00e9cessite l\u2019accord du professeur concern\u00e9.<\/p>\n\n\n\n<p><strong><u>Article 6 : Montant des cours et des costumes<\/u><\/strong><\/p>\n\n\n\n<p>Le montant des cours est fix\u00e9 par le bureau au d\u00e9but de chaque ann\u00e9e.<\/p>\n\n\n\n<p>Les frais d\u2019adh\u00e9sion et les cotisations sont \u00e0 r\u00e9gler en totalit\u00e9 lors de l\u2019inscription.<\/p>\n\n\n\n<p>Ce (ou ces) r\u00e8glement(s) pourra(ont) \u00eatre effectu\u00e9(s) soit :<\/p>\n\n\n\n<p>a) En esp\u00e8ces (un ch\u00e8que de caution vous sera demand\u00e9 en cas de versements en plusieurs fois)<\/p>\n\n\n\n<p>b) En un ch\u00e8que remis \u00e0 l\u2019encaissement d\u00e9but septembre\/octobre.<\/p>\n\n\n\n<p>c) En plusieurs ch\u00e8ques (9 maximum). Tous les ch\u00e8ques devront \u00eatre remis lors de l\u2019inscription et seront d\u00e9pos\u00e9s selon les mois indiqu\u00e9s au verso. En cas de non-indication, ils seront d\u00e9pos\u00e9s mois par mois.<\/p>\n\n\n\n<p>c) En ch\u00e8ques vacances et\/ou en coupons sport (ANCV). Si vous n&rsquo;\u00eates pas en possession de ces derniers lors de l\u2019inscription, un ch\u00e8que de caution vous sera demand\u00e9 et vous sera restitu\u00e9 lors de la remise des coupons sports\/ch\u00e8ques vacances.<\/p>\n\n\n\n<p>d) Par virement (un ch\u00e8que de caution de la totalit\u00e9 de l\u2019ann\u00e9e vous sera demand\u00e9 en cas de virements \u00e9chelonn\u00e9s)<\/p>\n\n\n\n<p>\u00a0Toute ann\u00e9e d\u00e9but\u00e9e est due.<\/p>\n\n\n\n<p>Les jours f\u00e9ri\u00e9s ne sont ni rembours\u00e9s ni rattrap\u00e9s sauf consigne contraire \u00e9nonc\u00e9e par le bureau.<\/p>\n\n\n\n<p>L\u2019inscription d\u2019un \u00e9l\u00e8ve \u00e0 l\u2019Acad\u00e9mie repr\u00e9sente un engagement pour une ann\u00e9e enti\u00e8re. L\u2019arr\u00eat en cours d\u2019ann\u00e9e pour convenance personnelle ne peut donner lieu \u00e0 un remboursement ou une r\u00e9duction de cotisation.<\/p>\n\n\n\n<p>Cependant, en cas d\u2019arr\u00eat pour blessure ou maladie interdisant la pratique de la danse, hospitalisation, ou d\u00e9m\u00e9nagement, une r\u00e9duction de cotisation pourra \u00eatre accord\u00e9e par le bureau, apr\u00e8s demande \u00e9crite de l\u2019adh\u00e9rent ou de ses repr\u00e9sentants l\u00e9gaux, et pr\u00e9sentation d\u2019un justificatif.<\/p>\n\n\n\n<p>Les adh\u00e9rents ne peuvent pas de leur propre initiative r\u00e9duire le montant de leur cotisation.<\/p>\n\n\n\n<p>Une participation aux costumes vous sera demand\u00e9e en cours d\u2019ann\u00e9e. Le tarif sera en fonction du nombre de danses r\u00e9alis\u00e9es par l\u2019adh\u00e9rent.<\/p>\n\n\n\n<p><strong><u>Article 7 : Responsabilit\u00e9<\/u><\/strong><\/p>\n\n\n\n<p>Pr\u00e9alablement \u00e0 l\u2019utilisation des locaux, l\u2019Acad\u00e9mie de Danse reconna\u00eet avoir souscrit une police d\u2019assurance couvrant les dommages pouvant r\u00e9sulter des activit\u00e9s exerc\u00e9es dans les locaux mis \u00e0 sa disposition. Toutefois, cette assurance ne couvre pas les risques relatifs \u00e0 la d\u00e9gradation faite aux B\u00e2timents, Mobiliers, Mat\u00e9riels, fournis ou acquis. Les \u00e9ventuelles d\u00e9gradations seront financi\u00e8rement support\u00e9es par les responsables du forfait ou leurs repr\u00e9sentants.<\/p>\n\n\n\n<p>L\u2019Acad\u00e9mie de Danse d\u00e9cline toute responsabilit\u00e9 en cas de vol dans les locaux et rappelle aux adh\u00e9rents de ne laisser ni argent, ni bijoux, ni t\u00e9l\u00e9phone portable, ni autres objets de valeur dans les vestiaires.<\/p>\n\n\n\n<p>L\u2019Acad\u00e9mie de Danse se d\u00e9gage de toute responsabilit\u00e9 en ce qui concerne la surveillance des adh\u00e9rents en dehors des salles de cours, des vestiaires et autres locaux ext\u00e9rieurs utilis\u00e9s pour des r\u00e9p\u00e9titions et des repr\u00e9sentations.<\/p>\n\n\n\n<p>(Exemple : Trajet \u00e9cole \u2013 parking\u2026)<\/p>\n\n\n\n<p><strong><u>Article 8 : S\u00e9curit\u00e9<\/u><\/strong><\/p>\n\n\n\n<p>Des itin\u00e9raires d\u2019\u00e9vacuation et des issues de secours sont pr\u00e9vus dans chaque salle de cours ainsi que dans les vestiaires.<\/p>\n\n\n\n<p>Il est interdit de g\u00eaner l\u2019acc\u00e8s des issues de secours et les r\u00e8gles de s\u00e9curit\u00e9 doivent \u00eatre respect\u00e9es.<\/p>\n\n\n\n<p><strong><u>Article 9 : Gala de fin d\u2019ann\u00e9e<\/u><\/strong><\/p>\n\n\n\n<p>Un gala de fin d\u2019ann\u00e9e est organis\u00e9 par l\u2019Acad\u00e9mie de Danse avec tous les \u00e9l\u00e8ves. Cette repr\u00e9sentation est la r\u00e9compense des efforts fournis tout au long de l\u2019ann\u00e9e et pour les parents la possibilit\u00e9 de juger des progr\u00e8s de leurs enfants.<\/p>\n\n\n\n<p>La participation au gala n\u2019est pas obligatoire. Cependant, les professeurs doivent \u00eatre avis\u00e9s du choix de chaque \u00e9l\u00e8ve imp\u00e9rativement au d\u00e9but du deuxi\u00e8me trimestre de la saison.<\/p>\n\n\n\n<p>Les \u00e9l\u00e8ves ayant accept\u00e9 de participer \u00e0 ce spectacle annuel sont tenus d\u2019assister aux cours et aux r\u00e9p\u00e9titions pr\u00e9vues. Les r\u00f4les sont distribu\u00e9s selon les exigences du spectacle, en fonction du niveau et de la capacit\u00e9 des \u00e9l\u00e8ves. Les professeurs sont seuls juges en la mati\u00e8re.<\/p>\n\n\n\n<p><strong><u>Article 10 : Droit \u00e0 l\u2019image<\/u><\/strong><\/p>\n\n\n\n<p>Tout adh\u00e9rent de l\u2019Acad\u00e9mie de Danse abandonne ses droits \u00e0 l\u2019image dans le cadre des prises photographiques et vid\u00e9o concernant toutes les activit\u00e9s p\u00e9dagogiques de l\u2019Acad\u00e9mie de Danse.<\/p>\n\n\n\n<p>La diffusion de ces images sur le site internet et les r\u00e9seaux sociaux de l\u2019Acad\u00e9mie de Danse reste \u00e0 l\u2019appr\u00e9ciation des familles.<\/p>\n\n\n\n<p><strong><u>Article 11 : Utilisation\/location des locaux en dehors des heures de cours<\/u><\/strong><\/p>\n\n\n\n<ul class=\"wp-block-list\">\n<li>Professeurs\u00a0:<\/li>\n\n\n\n<li>En cas de rattrapage de cours, la salle ne sera pas soumise \u00e0 location<\/li>\n\n\n\n<li>En cas de cours particuliers pour des \u00e9l\u00e8ves adh\u00e9rents de l\u2019ADPF, la salle ne sera pas soumise \u00e0 location<\/li>\n\n\n\n<li>En cas de cours particuliers pour des \u00e9l\u00e8ves non adh\u00e9rents de l\u2019ADPF, la salle sera soumise \u00e0 location pour un montant de 10\u20ac\/h facturable au professeur.<\/li>\n\n\n\n<li>En cas de cas de location pour un groupe externe \u00e0 l\u2019APDF, la salle sera soumise \u00e0 location pour un montant de 10\u20ac\/h facturable au professeur.<\/li>\n<\/ul>\n\n\n\n<ul class=\"wp-block-list\">\n<li>Adh\u00e9rents<\/li>\n\n\n\n<li>Pour les adh\u00e9rents souhaitant r\u00e9p\u00e9t\u00e9s avant un concours, la salle ne sera pas soumise \u00e0 location, mais un membre du bureau devra \u00eatre obligatoirement pr\u00e9sent.<\/li>\n<\/ul>\n\n\n\n<ul class=\"wp-block-list\">\n<li>Non adh\u00e9rents\u00a0:<\/li>\n\n\n\n<li>Pour les personnes non adh\u00e9rentes de l\u2019ADPF, la salle sera soumise \u00e0 location pour 20\u20ac\/h<\/li>\n<\/ul>\n\n\n\n<p>Dans tous les cas, une demande d\u2019utilisation de la salle devra se faire par mail aupr\u00e8s du bureau de l\u2019ADPF qui seul validera ou non celle-ci.<\/p>\n\n\n\n<p><strong><u>Article 12 : Respect du pr\u00e9sent r\u00e8glement<\/u><\/strong><\/p>\n\n\n\n<p>Pour le bon fonctionnement de l\u2019Acad\u00e9mie de Danse, il est demand\u00e9 \u00e0 chacun d\u2019appliquer, de respecter et de faire respecter en tous points les dispositions de ce pr\u00e9sent r\u00e8glement. C\u2019est l\u2019affaire de tous. Lors de l\u2019inscription \u00e0 l\u2019Acad\u00e9mie de Danse, les adh\u00e9rents et parents d\u2019\u00e9l\u00e8ves sont cens\u00e9s avoir pris connaissance de ce r\u00e8glement et en accepter les termes sans exception.<\/p>\n","protected":false},"excerpt":{"rendered":"<p>Article 1\u00a0: Organisation annuelle des cours \u00a0Les cours auront lieu jusqu\u2019au samedi inclus de chaque vacances scolaires. Il n\u2019y aura pas de cours durant les vacances scolaires, cependant des stages et\/ou des cours exceptionnels pourront \u00e9ventuellement \u00eatre propos\u00e9s en fonction de la demande. Les \u00e9l\u00e8ves inscrits en d\u00e9but d\u2019ann\u00e9e dans un cours, pourront se voir [&hellip;]<\/p>\n","protected":false},"author":2,"featured_media":0,"parent":0,"menu_order":0,"comment_status":"closed","ping_status":"closed","template":"","meta":{"_seopress_robots_primary_cat":"","_seopress_titles_title":"","_seopress_titles_desc":"","_seopress_robots_index":"","footnotes":""},"class_list":["post-247","page","type-page","status-publish","hentry"],"_links":{"self":[{"href":"https:\/\/adpf.dansemeaux.com\/index.php\/wp-json\/wp\/v2\/pages\/247","targetHints":{"allow":["GET"]}}],"collection":[{"href":"https:\/\/adpf.dansemeaux.com\/index.php\/wp-json\/wp\/v2\/pages"}],"about":[{"href":"https:\/\/adpf.dansemeaux.com\/index.php\/wp-json\/wp\/v2\/types\/page"}],"author":[{"embeddable":true,"href":"https:\/\/adpf.dansemeaux.com\/index.php\/wp-json\/wp\/v2\/users\/2"}],"replies":[{"embeddable":true,"href":"https:\/\/adpf.dansemeaux.com\/index.php\/wp-json\/wp\/v2\/comments?post=247"}],"version-history":[{"count":4,"href":"https:\/\/adpf.dansemeaux.com\/index.php\/wp-json\/wp\/v2\/pages\/247\/revisions"}],"predecessor-version":[{"id":724,"href":"https:\/\/adpf.dansemeaux.com\/index.php\/wp-json\/wp\/v2\/pages\/247\/revisions\/724"}],"wp:attachment":[{"href":"https:\/\/adpf.dansemeaux.com\/index.php\/wp-json\/wp\/v2\/media?parent=247"}],"curies":[{"name":"wp","href":"https:\/\/api.w.org\/{rel}","templated":true}]}}