{"id":209,"date":"2024-06-08T21:57:21","date_gmt":"2024-06-08T19:57:21","guid":{"rendered":"https:\/\/adpf.dansemeaux.com\/?page_id=209"},"modified":"2025-08-09T16:50:03","modified_gmt":"2025-08-09T14:50:03","slug":"david-de-lima-goncalves","status":"publish","type":"page","link":"https:\/\/adpf.dansemeaux.com\/index.php\/david-de-lima-goncalves\/","title":{"rendered":"David DE LIMA GONCALVES"},"content":{"rendered":"\n<p>Professeur de jazz dipl\u00f4m\u00e9 d&rsquo;\u00e9tat<\/p>\n\n\n<div class=\"wp-block-image is-style-rounded\">\n<figure class=\"alignleft size-large is-resized\"><img alt=\"\" loading=\"lazy\" decoding=\"async\" width=\"768\" height=\"1024\" src=\"https:\/\/adpf.dansemeaux.com\/wp-content\/uploads\/2024\/09\/IMG_20240901_141434_resized_20240901_093647783-768x1024.jpg\" alt=\"\" class=\"wp-image-401\" style=\"width:277px;height:auto\" srcset=\"https:\/\/adpf.dansemeaux.com\/wp-content\/uploads\/2024\/09\/IMG_20240901_141434_resized_20240901_093647783-768x1024.jpg 768w, https:\/\/adpf.dansemeaux.com\/wp-content\/uploads\/2024\/09\/IMG_20240901_141434_resized_20240901_093647783-225x300.jpg 225w, https:\/\/adpf.dansemeaux.com\/wp-content\/uploads\/2024\/09\/IMG_20240901_141434_resized_20240901_093647783-1152x1536.jpg 1152w, https:\/\/adpf.dansemeaux.com\/wp-content\/uploads\/2024\/09\/IMG_20240901_141434_resized_20240901_093647783-1536x2048.jpg 1536w, https:\/\/adpf.dansemeaux.com\/wp-content\/uploads\/2024\/09\/IMG_20240901_141434_resized_20240901_093647783.jpg 1728w\" sizes=\"auto, (max-width: 768px) 100vw, 768px\" \/><\/figure>\n<\/div>\n\n\n<p>Il int\u00e8gre l\u2019institut de formation Rick Odums \u00e0 Paris, dans lequel il se forme aupr\u00e8s de grand nom de la danse Jazz comme Stefania Pavan, Rick Odums, Geraldine Armstrong et Bruce Taylor. Apr\u00e8s l&rsquo;obtention de ses EAT en Jazz et Contemporain, il se forme \u00e0 la p\u00e9dagogie et obtient son Dipl\u00f4me d\u2019\u00e9tat de professeur de danse Jazz.<\/p>\n\n\n\n<p>Inspir\u00e9 par les musiques du monde, il propose dans son travail un m\u00e9tissage entre le travail acad\u00e9mique du corps et une gestuelle intuitive. Sa danse utilise les nuances de dynamiques, les prises d\u2019\u00e9lan, les mouvements spiral\u00e9s, des jeux de gravit\u00e9 et la d\u00e9tente musculaire, comme un outil \u00e0 la po\u00e9sie.<\/p>\n\n\n\n<p>Parall\u00e8lement \u00e0 l\u2019enseignement, il travaille au d\u00e9veloppement de sa propre compagnie de danse en tant que chor\u00e9graphe et interpr\u00e8te. Avec sa propre compagnie, il propose des repr\u00e9sentations lors de rencontres chor\u00e9graphiques, festivals et travaille \u00e0 la r\u00e9alisation de courts m\u00e9trages. Il intervient ponctuellement sur des ateliers au sein de la Compagnie \u00ab\u00a0Keatbeck\u00a0\u00bb et est danseur interpr\u00e8te pour la Compagnie \u00ab\u00a0Larscene\u00a0\u00bb.<\/p>\n\n\n\n<p>Il int\u00e8gre l&rsquo;Acad\u00e9mie de Danse &#8211; Passion et Formation en juin 2023 et en est le directeur artistique.<\/p>\n\n\n\n<p><\/p>\n","protected":false},"excerpt":{"rendered":"<p>Professeur de jazz dipl\u00f4m\u00e9 d&rsquo;\u00e9tat Il int\u00e8gre l\u2019institut de formation Rick Odums \u00e0 Paris, dans lequel il se forme aupr\u00e8s de grand nom de la danse Jazz comme Stefania Pavan, Rick Odums, Geraldine Armstrong et Bruce Taylor. Apr\u00e8s l&rsquo;obtention de ses EAT en Jazz et Contemporain, il se forme \u00e0 la p\u00e9dagogie et obtient son [&hellip;]<\/p>\n","protected":false},"author":2,"featured_media":0,"parent":0,"menu_order":0,"comment_status":"closed","ping_status":"closed","template":"","meta":{"_seopress_robots_primary_cat":"","_seopress_titles_title":"","_seopress_titles_desc":"","_seopress_robots_index":"","footnotes":""},"class_list":["post-209","page","type-page","status-publish","hentry"],"_links":{"self":[{"href":"https:\/\/adpf.dansemeaux.com\/index.php\/wp-json\/wp\/v2\/pages\/209","targetHints":{"allow":["GET"]}}],"collection":[{"href":"https:\/\/adpf.dansemeaux.com\/index.php\/wp-json\/wp\/v2\/pages"}],"about":[{"href":"https:\/\/adpf.dansemeaux.com\/index.php\/wp-json\/wp\/v2\/types\/page"}],"author":[{"embeddable":true,"href":"https:\/\/adpf.dansemeaux.com\/index.php\/wp-json\/wp\/v2\/users\/2"}],"replies":[{"embeddable":true,"href":"https:\/\/adpf.dansemeaux.com\/index.php\/wp-json\/wp\/v2\/comments?post=209"}],"version-history":[{"count":6,"href":"https:\/\/adpf.dansemeaux.com\/index.php\/wp-json\/wp\/v2\/pages\/209\/revisions"}],"predecessor-version":[{"id":677,"href":"https:\/\/adpf.dansemeaux.com\/index.php\/wp-json\/wp\/v2\/pages\/209\/revisions\/677"}],"wp:attachment":[{"href":"https:\/\/adpf.dansemeaux.com\/index.php\/wp-json\/wp\/v2\/media?parent=209"}],"curies":[{"name":"wp","href":"https:\/\/api.w.org\/{rel}","templated":true}]}}