{"id":205,"date":"2024-06-08T21:55:32","date_gmt":"2024-06-08T19:55:32","guid":{"rendered":"https:\/\/adpf.dansemeaux.com\/?page_id=205"},"modified":"2025-09-15T15:56:32","modified_gmt":"2025-09-15T13:56:32","slug":"nos-professeurs","status":"publish","type":"page","link":"https:\/\/adpf.dansemeaux.com\/index.php\/nos-professeurs\/","title":{"rendered":"NOS PROFESSEURS"},"content":{"rendered":"\n<p>Gr\u00e2ce au menu d\u00e9roulant, pour pourrez d\u00e9couvrir tous nos professeurs qui enseignent au sein de l&rsquo;Acad\u00e9mie<\/p>\n","protected":false},"excerpt":{"rendered":"<p>Gr\u00e2ce au menu d\u00e9roulant, pour pourrez d\u00e9couvrir tous nos professeurs qui enseignent au sein de l&rsquo;Acad\u00e9mie<\/p>\n","protected":false},"author":2,"featured_media":0,"parent":0,"menu_order":0,"comment_status":"closed","ping_status":"closed","template":"","meta":{"footnotes":""},"class_list":["post-205","page","type-page","status-publish","hentry"],"_links":{"self":[{"href":"https:\/\/adpf.dansemeaux.com\/index.php\/wp-json\/wp\/v2\/pages\/205","targetHints":{"allow":["GET"]}}],"collection":[{"href":"https:\/\/adpf.dansemeaux.com\/index.php\/wp-json\/wp\/v2\/pages"}],"about":[{"href":"https:\/\/adpf.dansemeaux.com\/index.php\/wp-json\/wp\/v2\/types\/page"}],"author":[{"embeddable":true,"href":"https:\/\/adpf.dansemeaux.com\/index.php\/wp-json\/wp\/v2\/users\/2"}],"replies":[{"embeddable":true,"href":"https:\/\/adpf.dansemeaux.com\/index.php\/wp-json\/wp\/v2\/comments?post=205"}],"version-history":[{"count":2,"href":"https:\/\/adpf.dansemeaux.com\/index.php\/wp-json\/wp\/v2\/pages\/205\/revisions"}],"predecessor-version":[{"id":738,"href":"https:\/\/adpf.dansemeaux.com\/index.php\/wp-json\/wp\/v2\/pages\/205\/revisions\/738"}],"wp:attachment":[{"href":"https:\/\/adpf.dansemeaux.com\/index.php\/wp-json\/wp\/v2\/media?parent=205"}],"curies":[{"name":"wp","href":"https:\/\/api.w.org\/{rel}","templated":true}]}}