{"id":200,"date":"2024-06-08T21:51:51","date_gmt":"2024-06-08T19:51:51","guid":{"rendered":"https:\/\/adpf.dansemeaux.com\/?page_id=200"},"modified":"2024-08-11T12:47:53","modified_gmt":"2024-08-11T10:47:53","slug":"nos-danses","status":"publish","type":"page","link":"https:\/\/adpf.dansemeaux.com\/index.php\/nos-danses\/","title":{"rendered":"NOS COURS"},"content":{"rendered":"\n<p>Vous retrouverez dans les diff\u00e9rents onglets les pr\u00e9sentations de tous les cours dispens\u00e9s par l&rsquo;ADPF.<\/p>\n\n\n\n<p>N&rsquo;h\u00e9sitez pas \u00e0 venir les essayer !<\/p>\n","protected":false},"excerpt":{"rendered":"<p>Vous retrouverez dans les diff\u00e9rents onglets les pr\u00e9sentations de tous les cours dispens\u00e9s par l&rsquo;ADPF. N&rsquo;h\u00e9sitez pas \u00e0 venir les essayer !<\/p>\n","protected":false},"author":2,"featured_media":0,"parent":0,"menu_order":0,"comment_status":"closed","ping_status":"closed","template":"","meta":{"_seopress_robots_primary_cat":"","_seopress_titles_title":"","_seopress_titles_desc":"","_seopress_robots_index":"","footnotes":""},"class_list":["post-200","page","type-page","status-publish","hentry"],"_links":{"self":[{"href":"https:\/\/adpf.dansemeaux.com\/index.php\/wp-json\/wp\/v2\/pages\/200","targetHints":{"allow":["GET"]}}],"collection":[{"href":"https:\/\/adpf.dansemeaux.com\/index.php\/wp-json\/wp\/v2\/pages"}],"about":[{"href":"https:\/\/adpf.dansemeaux.com\/index.php\/wp-json\/wp\/v2\/types\/page"}],"author":[{"embeddable":true,"href":"https:\/\/adpf.dansemeaux.com\/index.php\/wp-json\/wp\/v2\/users\/2"}],"replies":[{"embeddable":true,"href":"https:\/\/adpf.dansemeaux.com\/index.php\/wp-json\/wp\/v2\/comments?post=200"}],"version-history":[{"count":3,"href":"https:\/\/adpf.dansemeaux.com\/index.php\/wp-json\/wp\/v2\/pages\/200\/revisions"}],"predecessor-version":[{"id":354,"href":"https:\/\/adpf.dansemeaux.com\/index.php\/wp-json\/wp\/v2\/pages\/200\/revisions\/354"}],"wp:attachment":[{"href":"https:\/\/adpf.dansemeaux.com\/index.php\/wp-json\/wp\/v2\/media?parent=200"}],"curies":[{"name":"wp","href":"https:\/\/api.w.org\/{rel}","templated":true}]}}